{"id":4679,"date":"2020-07-01T10:31:42","date_gmt":"2020-07-01T10:31:42","guid":{"rendered":"https:\/\/dialogosparaconstruir.org\/politica-de-cookies\/"},"modified":"2021-04-15T09:11:14","modified_gmt":"2021-04-15T09:11:14","slug":"politica-de-cookies","status":"publish","type":"page","link":"https:\/\/dialogosparaconstruir.org\/en\/politica-de-cookies\/","title":{"rendered":"Cookies policy"},"content":{"rendered":"<section  class='av_textblock_section av-jsp8zqle-2401fd47e6f68f2166120515a638c920 '   itemscope=\"itemscope\" itemtype=\"https:\/\/schema.org\/CreativeWork\" ><div class='avia_textblock'  itemprop=\"text\" ><p><strong><span style=\"font-size: 18pt;\">Pol\u00edtica de <em>Cookies<\/em><\/span><\/strong><\/p>\n<p>Esta web utiliza cookies de terceros, que recogen informaci\u00f3n estad\u00edstica sobre h\u00e1bitos de navegaci\u00f3n an\u00f3nimos para mejorar el servicio prestado por DI\u00c1LOGOS PARA CONSTRUIR y pueden ser utilizadas por terceras partes para personalizar publicidad.<\/p>\n<p>Las <em>cookies<\/em> son ficheros creados en el navegador del usuario que mediante el almacenamiento de datos permiten registrar su actividad en el Sitio Web y llevan a cabo distintas funcionalidades como el an\u00e1lisis estad\u00edstico, una gesti\u00f3n del tr\u00e1fico web eficiente, etc\u00e9tera. Las cookies se instalan autom\u00e1ticamente en el ordenador del usuario, pero este puede administrarlas o bloquearlas totalmente mediante los enlaces que aportamos al final de la pol\u00edtica.<\/p>\n<p>Tipos de Cookies usadas por DI\u00c1LOGOS PARA CONSTRUIR<\/p>\n<ul>\n<li><strong><em>Cookies <\/em>t\u00e9cnicas:<\/strong> Son aqu\u00e9llas que permiten al usuario la navegaci\u00f3n a trav\u00e9s de una p\u00e1gina web, plataforma o aplicaci\u00f3n y la utilizaci\u00f3n de las diferentes opciones o servicios que en ella existan.<\/li>\n<li><strong><em>Cookies <\/em>de personalizaci\u00f3n:<\/strong> Son aqu\u00e9llas que permiten al usuario acceder al servicio con algunas caracter\u00edsticas de car\u00e1cter general predefinidas en funci\u00f3n de una serie de criterios en el terminal del usuario como por ejemplo serian el idioma, el tipo de navegador a trav\u00e9s del cual accede al servicio, la configuraci\u00f3n regional desde donde accede al servicio, etc.<\/li>\n<li><em><strong>Cookies<\/strong> <\/em><strong>de an\u00e1lisis<\/strong>: Son aqu\u00e9llas que permiten al responsable de las mismas, el seguimiento y an\u00e1lisis del comportamiento de los usuarios de los sitios web a los que est\u00e1n vinculadas.<\/li>\n<\/ul>\n<p><strong>Redes Sociales<\/strong><\/p>\n<p>DI\u00c1LOGOS PARA CONSTRUIR puede administrar p\u00e1ginas en redes sociales para publicitarse y servir de punto de contacto con sus colaboradores. Estas p\u00e1ginas pueden instalar cookies a sus visitantes incluso aunque estos no se encuentren registrados en las mismas. Los tipos de Cookies que se instalan y sus finalidades, est\u00e1n descritas en la oportunas p\u00e1ginas de Cookies de cada red social (Facebook, Twitter, Youtube, Instagram, etc\u00e9tera.).<\/p>\n<p><strong>Complemento de inhabilitaci\u00f3n para navegadores de Google Analytics<\/strong><\/p>\n<p>Informaci\u00f3n sobre el uso de las cookies de Google Analytics:<\/p>\n<p>Para evitar que Google Analytics recopile y utilice sus datos, ponemos a su disposici\u00f3n la extensi\u00f3n de inhabilitaci\u00f3n para navegadores de Google Analytics en el siguiente enlace: <a href=\"https:\/\/tools.google.com\/dlpage\/gaoptout\/index.html?hl=es\">https:\/\/tools.google.com\/dlpage\/gaoptout\/index.html?hl=es<\/a><\/p>\n<p>Adem\u00e1s Google tiene su propia pol\u00edtica relativa al uso de cookies publicitarias:<\/p>\n<p><strong>Desactivar Cookies en Navegadores<\/strong><\/p>\n<ul>\n<li>Chrome, desde:<\/li>\n<\/ul>\n<p><a href=\"http:\/\/support.google.com\/chrome\/bin\/answer.py?hl=es&#038;answer=95647\">http:\/\/support.google.com\/chrome\/bin\/answer.py?hl=es&#038;answer=95647<\/a><\/p>\n<ul>\n<li>Explorer, desde:<\/li>\n<\/ul>\n<p><a href=\"https:\/\/support.microsoft.com\/es-es\/help\/17442\/windows-internet-explorer-delete-manage-cookies\">https:\/\/support.microsoft.com\/es-es\/help\/17442\/windows-internet-explorer-delete-manage-cookies<\/a><\/p>\n<ul>\n<li>Firefox, desde:<\/li>\n<\/ul>\n<p><a href=\"https:\/\/support.mozilla.org\/es\/kb\/cookies-informacion-que-los-sitios-web-guardan-en-\">https:\/\/support.mozilla.org\/es\/kb\/cookies-informacion-que-los-sitios-web-guardan-en-<\/a><\/p>\n<ul>\n<li>Safari, desde:<\/li>\n<\/ul>\n<p><a href=\"https:\/\/support.apple.com\/kb\/ph21411?locale=es_ES\">https:\/\/support.apple.com\/kb\/ph21411?locale=es_ES<\/a><\/p>\n<p>La desactivaci\u00f3n de Cookies puede provocar en la web una navegaci\u00f3n menos fluida y que algunos de nuestros servicios en la misma dejen de funcionar correctamente.<\/p>\n<p>En <a href=\"http:\/\/www.allaboutcookies.org\/es\/\">www.allaboutcookies.org\/es\/<\/a> y <a href=\"http:\/\/www.youronlinechoices.com\/es\/\">http:\/\/www.youronlinechoices.com\/es\/<\/a> puede encontrar m\u00e1s informaci\u00f3n sobre las cookies y c\u00f3mo gestionarlas o eliminarlas.<\/p>\n<p>La desactivaci\u00f3n de Cookies puede provocar en la web una navegaci\u00f3n menos fluida y que algunos de nuestros servicios en la misma dejen de funcionar correctamente.<\/p>\n<p>En <a href=\"http:\/\/www.allaboutcookies.org\/es\/\">www.allaboutcookies.org\/es\/<\/a> y <a href=\"http:\/\/www.youronlinechoices.com\/es\/\">http:\/\/www.youronlinechoices.com\/es\/<\/a> puede encontrar m\u00e1s informaci\u00f3n sobre las cookies y c\u00f3mo gestionarlas o eliminarlas.<\/p>\n<\/div><\/section>\n","protected":false},"excerpt":{"rendered":"","protected":false},"author":4,"featured_media":0,"parent":0,"menu_order":0,"comment_status":"closed","ping_status":"closed","template":"","meta":{"_acf_changed":false,"inline_featured_image":false,"footnotes":""},"yst_prominent_words":[281,355,347,352,57,275,351,282,273,354,283,274,280,349,348,279,353,350,346,356],"class_list":["post-4679","page","type-page","status-publish","hentry"],"acf":[],"_links":{"self":[{"href":"https:\/\/dialogosparaconstruir.org\/en\/wp-json\/wp\/v2\/pages\/4679","targetHints":{"allow":["GET"]}}],"collection":[{"href":"https:\/\/dialogosparaconstruir.org\/en\/wp-json\/wp\/v2\/pages"}],"about":[{"href":"https:\/\/dialogosparaconstruir.org\/en\/wp-json\/wp\/v2\/types\/page"}],"author":[{"embeddable":true,"href":"https:\/\/dialogosparaconstruir.org\/en\/wp-json\/wp\/v2\/users\/4"}],"replies":[{"embeddable":true,"href":"https:\/\/dialogosparaconstruir.org\/en\/wp-json\/wp\/v2\/comments?post=4679"}],"version-history":[{"count":0,"href":"https:\/\/dialogosparaconstruir.org\/en\/wp-json\/wp\/v2\/pages\/4679\/revisions"}],"wp:attachment":[{"href":"https:\/\/dialogosparaconstruir.org\/en\/wp-json\/wp\/v2\/media?parent=4679"}],"wp:term":[{"taxonomy":"yst_prominent_words","embeddable":true,"href":"https:\/\/dialogosparaconstruir.org\/en\/wp-json\/wp\/v2\/yst_prominent_words?post=4679"}],"curies":[{"name":"wp","href":"https:\/\/api.w.org\/{rel}","templated":true}]}}