{"id":4681,"date":"2020-07-01T10:27:15","date_gmt":"2020-07-01T10:27:15","guid":{"rendered":"https:\/\/dialogosparaconstruir.org\/politica-de-privacidad\/"},"modified":"2021-04-15T09:12:23","modified_gmt":"2021-04-15T09:12:23","slug":"politica-de-privacidad","status":"publish","type":"page","link":"https:\/\/dialogosparaconstruir.org\/en\/politica-de-privacidad\/","title":{"rendered":"Privacy policy"},"content":{"rendered":"<section  class='av_textblock_section av-jsp7rch3-9b64bc277d4e8479024adce531f4a890 '   itemscope=\"itemscope\" itemtype=\"https:\/\/schema.org\/CreativeWork\" ><div class='avia_textblock'  itemprop=\"text\" ><p><span style=\"font-size: 18pt;\"><strong>Pol\u00edtica de privacidad<\/strong><\/span><\/p>\n<p><strong>Responsable del tratamiento de datos personales<\/strong><\/p>\n<p>La <strong>ASOCIACI\u00d3N DI\u00c1LOGOS PARA CONSTRUIR <\/strong>(en adelante<strong> DPC<\/strong>)<strong>,<\/strong> con domicilio en  Calle Conde Barajas  21, 41002  Sevilla, es el <strong>Responsable del tratamiento <\/strong>de los datos personales de la <strong>Persona Interesada <\/strong>y le informa que estos datos ser\u00e1n tratados de conformidad con lo dispuesto en el Reglamento (UE) 679\/2016 de Protecci\u00f3n de Datos de Personas F\u00edsicas y la normativa nacional vigente.<\/p>\n<p><strong>Forma de obtenci\u00f3n de sus datos<\/strong><\/p>\n<p>Hemos obtenido sus datos  con motivo de las relaciones que mantiene o ha mantenido con nuestra asociaci\u00f3n, bien por su condici\u00f3n de socio\/a, por haber sido donante, por se una persona colaboradora, por haberse interesado en recibir informaci\u00f3n de la asociaci\u00f3n, o por tratarse de una persona beneficiaria. Tambi\u00e9n podemos haber recogido su informaci\u00f3n a trav\u00e9s de las cookies configuradas en nuestra p\u00e1gina web as\u00ed como a trav\u00e9s de formularios que le hayan sido remitidos.<\/p>\n<p><strong>Datos personales que tratamos<\/strong><\/p>\n<p>Tratamos los siguientes datos para las finalidades que se explican m\u00e1s adelante:<\/p>\n<p>Datos necesarios para mantener la relaci\u00f3n con socios\/as, donantes, personas voluntarias,  personas colaboradoras, demandantes de informaci\u00f3n y beneficiarios\/as<strong>.<\/strong><\/p>\n<ul>\n<li>Nombre<\/li>\n<li>Apellidos<\/li>\n<li>DNI<\/li>\n<li>Direcci\u00f3n de correo electr\u00f3nico<\/li>\n<li>N\u00famero de tel\u00e9fono<\/li>\n<li>En los casos en los que sea necesario por la naturaleza de la acci\u00f3n y\/o relaci\u00f3n  podemos llegar a tratar otros datos que se faciliten voluntariamente:<\/li>\n<li>Fecha de nacimiento<\/li>\n<li>Sexo<\/li>\n<li>Idioma de preferencia<\/li>\n<li>Direcci\u00f3n Postal<\/li>\n<li>Aportaci\u00f3n econ\u00f3mica<\/li>\n<li>Datos bancarios<\/li>\n<li>Profesi\u00f3n<\/li>\n<li>Informaci\u00f3n para el ejercicio del voluntariado<\/li>\n<li>Historial de navegaci\u00f3n del usuario\/a en la red<\/li>\n<\/ul>\n<p><strong>Legitimaci\u00f3n del tratamiento de datos de usuario<\/strong><\/p>\n<p>El tratamiento de sus datos por parte de <strong>DPC <\/strong>para gestionar su relaci\u00f3n con el interesado\/a est\u00e1 basado en el consentimiento previamente facilitado y que puede retirarse en cualquier momento. No obstante, en caso de retirar su consentimiento, ello no afectar\u00e1 a la licitud de los tratamientos efectuados con anterioridad.<\/p>\n<p>Los consentimientos obtenidos para las finalidades mencionadas son independientes por lo que el Interesado podr\u00e1 revocar solo uno de ellos no afectando a los dem\u00e1s.<\/p>\n<p>El tratamiento de datos personales relacionado con el mantenimiento de la relaci\u00f3n con <strong>DPC<\/strong> como socio\/a, donante, voluntario\/a, colaborador\/a, suscriptor\/a o beneficiario\/a, est\u00e1 legitimado al resultar necesario para dar cumplimiento a las obligaciones contractuales derivadas de dichas relaciones.<\/p>\n<p>El env\u00edo de informaci\u00f3n relativa a la actividad de <strong>DPC<\/strong> se realizar\u00e1 por la habilitaci\u00f3n legal establecida en el art\u00edculo 21.2 de Ley 34\/2002, de 11 de julio, de servicios de la sociedad de la informaci\u00f3n y de comercio electr\u00f3nico, respecto a la informaci\u00f3n facilitada de productos y servicios similares.<\/p>\n<p>Algunos de sus datos ser\u00e1n tratados por obligaci\u00f3n legal de acuerdo con diferentes normativas respecto a las cuales <strong>DPC<\/strong> es sujeto obligado (Ley prevenci\u00f3n y blanqueo de capitales, normativa de voluntariado\u2026).<\/p>\n<p><strong>Finalidades de los tratamientos de datos personales<\/strong><\/p>\n<p>Podemos tratar sus datos personales para cumplir con nuestros objetivos fundacionales. Trataremos los datos de la <strong>Persona Interesada<\/strong> para las siguientes finalidades:<\/p>\n<ul>\n<li>Enviar informaci\u00f3n sobre <strong>DPC <\/strong>v\u00eda SMS, Whatsapp, tel\u00e9fono, correo postal, correo electr\u00f3nico, incluso cuando nuestra relaci\u00f3n haya terminado, salvo que la <strong>persona interesada<\/strong> manifieste lo contrario; y dar respuesta a las peticiones de informaci\u00f3n solicitadas<\/li>\n<li>Promover la colaboraci\u00f3n econ\u00f3mica con <strong>DPC<\/strong> as\u00ed como otros tipos de colaboraci\u00f3n.<\/li>\n<li>Fomentar la colaboraci\u00f3n en <strong>DPC<\/strong> a trav\u00e9s de nuestros voluntarios\/as.<\/li>\n<li>Coordinar la participaci\u00f3n en actividades organizados por o para la red de voluntariado de <strong>DPC<\/strong>.<\/li>\n<li>Invitar a actos o eventos que organice <strong>DPC<\/strong>.<\/li>\n<li>Realizaci\u00f3n de encuestas de satisfacci\u00f3n.<\/li>\n<li>Gesti\u00f3n interna del pago de donaciones y cuotas.<\/li>\n<li>An\u00e1lisis de navegaci\u00f3n del usuario en nuestro P\u00e1gina Web, as\u00ed como comprobar las preferencias y comportamientos con la finalidad de mejorar nuestra actividad e interacci\u00f3n con el usuario. Tambi\u00e9n trataremos sus datos para el env\u00edo, incluso por medios electr\u00f3nicos, de comunicaciones promocionales sobre actividades, campa\u00f1as e iniciativas de naturaleza similar a las que se hayan participado con anterioridad.<\/li>\n<\/ul>\n<p>La persona interesada puede oponerse a recibir este tipo de comunicaciones promocionales en cualquier otro momento, enviando un correo electr\u00f3nico a <a href=\"mailto:dpd@cear.es%C2%A0\"><strong>info@dialogosparaconstruir <\/strong><\/a><strong>o dirigiendo una solicitud a nuestra direcci\u00f3n postal.<\/strong><\/p>\n<p><strong>Canales de comunicaci\u00f3n<\/strong><\/p>\n<p><strong>DPC<\/strong> puede comunicarse con usted a trav\u00e9s de correo electr\u00f3nico, SMS, Whatsapp, llamada telef\u00f3nica o a trav\u00e9s de su navegador (a trav\u00e9s de un pop-up).<\/p>\n<p>Las comunicaciones que se realicen a trav\u00e9s del navegador (pop-up) siempre se realizaran previo consentimiento del usuario.<\/p>\n<p>Asimismo, la <strong>Persona Interesada<\/strong> podr\u00e1 configurar la recepci\u00f3n (inhabilitando las notificaciones de <strong>DPC<\/strong>) de estas comunicaciones a trav\u00e9s de su navegador en las opciones de configuraci\u00f3n del mismo.<\/p>\n<p><strong>Datos personales y terceros<\/strong><\/p>\n<p>NO venderemos, alquilaremos o cederemos sus datos personales, pero estos podr\u00e1n ser facilitados a los destinatarios que se indican a continuaci\u00f3n, por los motivos que a continuaci\u00f3n se explican:<\/p>\n<ul>\n<li>Administraciones P\u00fablicas: para el cumplimiento de las obligaciones legales a las que la Asociaci\u00f3n <strong>DPC<\/strong> est\u00e1 sujeta por su actividad.<\/li>\n<li>Destinatarios\/as de peticiones y campa\u00f1as: Cuando se firma una petici\u00f3n o se participa con datos en una acci\u00f3n, el destinatario\/a de la campa\u00f1a recibe de <strong>DPC<\/strong> los datos imprescindibles para cumplir con las obligaciones derivadas de estas campa\u00f1as, que podr\u00e1n ser: nombre, apellidos, DNI, c\u00f3digo postal y correo electr\u00f3nico.<\/li>\n<li> <strong>DPC <\/strong>informar\u00e1 en cada campa\u00f1a los destinatarios\/as de la misma.<\/li>\n<li>Proveedores que precisen acceder a datos para la prestaci\u00f3n de servicios que <strong>DPC<\/strong> <strong> <\/strong>haya contratado a dichos proveedores, y con los cuales <strong>DPC <\/strong>tiene suscritos los contratos de confidencialidad y de tratamiento de datos personales necesarios y exigidos por la normativa para proteger su privacidad.<\/li>\n<li>Aquellas cesiones a terceros que sean necesarias para la organizaci\u00f3n o coordinaci\u00f3n de las actividades de <strong>DPC<\/strong>.<\/li>\n<\/ul>\n<p>Si en el futuro <strong>DPC<\/strong> realizara otras cesiones de datos personales se informar\u00e1 debidamente.<\/p>\n<p><strong>Plazo de conservaci\u00f3n de datos personales<\/strong><\/p>\n<p>Los datos personales se conservar\u00e1n mientras se mantenga la relaci\u00f3n con <strong>DPC<\/strong>, e incluso tras la finalizaci\u00f3n de dicha relaci\u00f3n por cualquier causa durante los plazos de prescripci\u00f3n legales que sean de aplicaci\u00f3n, si no se comunica lo contrario. En este supuesto, se tratar\u00e1n a efectos de acreditar el cumplimiento de nuestras obligaciones legales y\/o contractuales. Conservaremos informaci\u00f3n personal el tiempo necesario o permitido en atenci\u00f3n a los fines para los cuales se haya obtenido.<\/p>\n<p><strong>Datos personas de menores de dieciocho a\u00f1os<\/strong><\/p>\n<p>No trataremos datos de menores de edad sin previa autorizaci\u00f3n de padres o tutores. Solamente con su acuerdo, podr\u00e1n participar en nuestras campa\u00f1as y actividades en la forma en que en cada caso se indique.<\/p>\n<p><strong>Derechos<\/strong><\/p>\n<p>La <strong>Persona Interesada<\/strong> puede ejercitar los derechos de acceso, rectificaci\u00f3n, supresi\u00f3n y portabilidad, limitaci\u00f3n y\/u oposici\u00f3n al tratamiento, as\u00ed como solicitar informaci\u00f3n m\u00e1s detallada sobre el tratamiento de sus datos personales, a trav\u00e9s de las direcciones postal y electr\u00f3nica indicadas anteriormente. Para la gesti\u00f3n de estos derechos, debe aportar copia del DNI o documento identificativo an\u00e1logo.<\/p>\n<p>Si la <strong>Persona Interesada<\/strong> considera que el tratamiento de datos personales vulnera la normativa o sus derechos de privacidad, puede presentar una reclamaci\u00f3n ante:<\/p>\n<ul>\n<li><strong>DPC <\/strong>a trav\u00e9s de info@dialogosparaconstruir.org o a trav\u00e9s de la direcci\u00f3n postal anteriormente indicada.<\/li>\n<li>Ante la <strong>Agencia Espa\u00f1ola de Protecci\u00f3n de Datos<\/strong>, a trav\u00e9s de su sede electr\u00f3nica, o de su direcci\u00f3n postal.<\/li>\n<\/ul>\n<p><strong>Hacer donaciones puntuales o peri\u00f3dicas<\/strong><\/p>\n<p>Cumpliendo todo lo anteriormente expuesto, adem\u00e1s en este caso, hemos de a\u00f1adir que, las opciones que ponemos a su disposici\u00f3n para poder hacer su aportaci\u00f3n econ\u00f3mica son:<\/p>\n<p><u>PAGO CON TARJETA DE CREDITO<\/u>: V\u00e1lida cualquier tarjeta d\u00e9bito o cr\u00e9dito.<\/p>\n<p>Este modo de pago es totalmente seguro.<\/p>\n<p>Se ha desarrollado un sistema para realizar de forma segura pagos en Internet. El sistema de Comercio Electr\u00f3nico Seguro se basa en que el Emisor de la tarjeta (banco o caja de ahorros) identifique al titular de la misma antes de autorizar el pago por Internet.<\/p>\n<p>Una vez completada la identificaci\u00f3n, el Emisor comunica a la <b>Asociaci\u00f3n Di\u00e1logos para Construir (DPC)<\/b> que la aportaci\u00f3n la est\u00e1 realizando el titular de la tarjeta.<\/p>\n<p><u>DOMICILIACI\u00d3N BANCARIA<\/u>: El usuario, cumplimentar\u00e1 toda la informaci\u00f3n del formulario necesaria para poder gestionar la domiciliaci\u00f3n bancaria.<\/p>\n<p><u>PAYPAL:  La P<strong>ersona Interesada<\/strong><\/u> cumplimentar\u00e1 toda la informaci\u00f3n del formulario necesaria para poder gestionar el pago a trav\u00e9s de Paypal con sus credenciales si dispone de ellas.<\/p>\n<p>En cualquiera de los tres casos, la<strong> <b>Asociaci\u00f3n Di\u00e1logos para Construir (DPC)<\/b><\/strong> se compromete al tratamiento de los datos personales de acuerdo con la Ley y normativa vigente en materia de protecci\u00f3n de datos, as\u00ed como a establecer los pertinentes compromisos de confidencialidad con terceros a los que ceda o permita el acceso a estos datos personales.<\/p>\n<p><span style=\"color: #000000;\"><strong>Redes Sociales: Facebook o Twitter<\/strong><\/span><\/p>\n<p><span style=\"color: #000000;\">Cuando el interesado nos deja sus datos en las firmas (tarjetas) a trav\u00e9s de Twitter o en nuestros formularios de Facebook o en otros formularios ubicados en plataformas de terceros con los que <strong>DPC<\/strong> haya firmado un acuerdo, podremos utilizar sus datos para enviarle m\u00e1s informaci\u00f3n y usar sus datos para los fines fundacionales de <strong>DPC <\/strong>(explicados <strong>en Finalidad del tratamiento de datos personales<\/strong>) . La base jur\u00eddica que legitima el tratamiento de estos datos es su consentimiento. Adem\u00e1s, acepta expl\u00edcitamente que se podr\u00e1 realizar una transferencia internacional de su direcci\u00f3n IP a los servidores de Google y Twitter situados en Estados Unidos. Adicionalmente, s\u00f3lo en el caso de que llegue a nuestra p\u00e1gina web desde un anuncio o una publicaci\u00f3n de nuestra p\u00e1gina en Facebook consiente expl\u00edcitamente en que se podr\u00e1 realizar una transferencia internacional de su direcci\u00f3n IP a los servidores de Facebook situados en Estados Unidos.<\/span><\/p>\n<p><strong>Derechos de propiedad intelectual e industrial<\/strong><\/p>\n<p>Todos los contenidos de esta p\u00e1gina web entendiendo como tales los textos, dibujos, gr\u00e1ficos, fotograf\u00edas, im\u00e1genes, v\u00eddeos, m\u00fasica, c\u00f3digo, el propio dise\u00f1o de la misma y cualquier otra creaci\u00f3n son propiedad de <strong>DPC<\/strong> o de sus respectivos titulares mediante la correspondiente licencia, autorizaci\u00f3n o cesi\u00f3n sobre los derechos y est\u00e1n protegidos en funci\u00f3n de la legislaci\u00f3n sobre la Propiedad Intelectual e Industrial.<\/p>\n<p>En ning\u00fan caso se entender\u00e1 que la puesta a disposici\u00f3n del p\u00fablico de la p\u00e1gina web constituye renuncia, cesi\u00f3n o licencia de los derechos que <strong>DPC<\/strong> tiene sobre los contenidos de la misma.<\/p>\n<p>Queda prohibido cualquier uso de los contenidos de nuestra p\u00e1gina web incluida la modificaci\u00f3n, copia, reproducci\u00f3n, transmisi\u00f3n, etc\u00e9tera sin la previa autorizaci\u00f3n por escrito de la entidad.<\/p>\n<p><strong>Exenci\u00f3n de responsabilidades<\/strong><\/p>\n<p><strong>DPC<\/strong> se exime de cualquier tipo de responsabilidad derivada de la informaci\u00f3n publicada en su sitio web siempre que esta informaci\u00f3n haya sido manipulada o introducida por un tercero ajeno al mismo.<\/p>\n<p><strong>Pol\u00edtica de enlaces<\/strong><\/p>\n<p>Desde el sitio web, es posible que se redirija a contenidos de terceros sitios web. Dado que <strong>DPC<\/strong> no puede controlar siempre los contenidos introducidos por los terceros en sus respectivos sitios web, no asume ning\u00fan tipo de responsabilidad respecto a dichos contenidos. En todo caso, proceder\u00e1 a la retirada inmediata de cualquier contenido que pudiera contravenir la legislaci\u00f3n nacional o internacional, la moral o el orden p\u00fablico, procediendo a la retirada inmediata de la redirecci\u00f3n a dicho sitio web, poniendo en conocimiento de las autoridades competentes el contenido en cuesti\u00f3n.<\/p>\n<p><strong>DPC<\/strong> no se hace responsable de la informaci\u00f3n y contenidos almacenados, a t\u00edtulo enunciativo, pero no limitativo, en foros, chats, generadores de blogs, comentarios, redes sociales o cualquier otro medio que permita a terceros publicar contenidos de forma independiente en la p\u00e1gina web de <strong>DPC<\/strong>. Sin embargo, y en cumplimiento de lo dispuesto en los art\u00edculos 11 y 16 de la LSSICE, se pone a disposici\u00f3n de todos los usuarios, autoridades y fuerzas de seguridad, colaborando de forma activa en la retirada o, en su caso, bloqueo de todos aquellos contenidos que puedan afectar o contravenir la legislaci\u00f3n nacional o internacional, los derechos de terceros o la moral y el orden p\u00fablico. En caso de que el usuario considere que existe en el sitio web alg\u00fan contenido que pudiera ser susceptible de esta clasificaci\u00f3n, se ruega lo notifique de forma inmediata al administrador.<\/p>\n<\/div><\/section>\n\n<style type=\"text\/css\" data-created_by=\"avia_inline_auto\" id=\"style-css-av-2k5l-268f1f2f3d4345ce4ef5cda63b2c7f80\">\n.flex_column.av-2k5l-268f1f2f3d4345ce4ef5cda63b2c7f80{\nborder-radius:0px 0px 0px 0px;\npadding:0px 0px 0px 0px;\n}\n<\/style>\n<div  class='flex_column av-2k5l-268f1f2f3d4345ce4ef5cda63b2c7f80 av_one_third  avia-builder-el-1  el_after_av_textblock  avia-builder-el-last  first flex_column_div av-zero-column-padding  column-top-margin'     ><\/div>\n","protected":false},"excerpt":{"rendered":"","protected":false},"author":4,"featured_media":0,"parent":0,"menu_order":0,"comment_status":"closed","ping_status":"closed","template":"","meta":{"_acf_changed":false,"inline_featured_image":false,"footnotes":""},"yst_prominent_words":[257,260,247,241,240,57,261,269,59,249,267,264,259,265,263,513,266,258,256,262],"class_list":["post-4681","page","type-page","status-publish","hentry"],"acf":[],"_links":{"self":[{"href":"https:\/\/dialogosparaconstruir.org\/en\/wp-json\/wp\/v2\/pages\/4681","targetHints":{"allow":["GET"]}}],"collection":[{"href":"https:\/\/dialogosparaconstruir.org\/en\/wp-json\/wp\/v2\/pages"}],"about":[{"href":"https:\/\/dialogosparaconstruir.org\/en\/wp-json\/wp\/v2\/types\/page"}],"author":[{"embeddable":true,"href":"https:\/\/dialogosparaconstruir.org\/en\/wp-json\/wp\/v2\/users\/4"}],"replies":[{"embeddable":true,"href":"https:\/\/dialogosparaconstruir.org\/en\/wp-json\/wp\/v2\/comments?post=4681"}],"version-history":[{"count":0,"href":"https:\/\/dialogosparaconstruir.org\/en\/wp-json\/wp\/v2\/pages\/4681\/revisions"}],"wp:attachment":[{"href":"https:\/\/dialogosparaconstruir.org\/en\/wp-json\/wp\/v2\/media?parent=4681"}],"wp:term":[{"taxonomy":"yst_prominent_words","embeddable":true,"href":"https:\/\/dialogosparaconstruir.org\/en\/wp-json\/wp\/v2\/yst_prominent_words?post=4681"}],"curies":[{"name":"wp","href":"https:\/\/api.w.org\/{rel}","templated":true}]}}